{"id":1822,"date":"2020-11-07T21:18:07","date_gmt":"2020-11-07T20:18:07","guid":{"rendered":"https:\/\/viatgesvinolas.com\/?page_id=1822"},"modified":"2022-10-11T17:32:58","modified_gmt":"2022-10-11T15:32:58","slug":"politica-de-privacidad","status":"publish","type":"page","link":"https:\/\/viatgesvinolas.com\/en\/politica-de-privacidad\/","title":{"rendered":"Pol\u00edtica de privacidad"},"content":{"rendered":"<p class=\"wp-block-paragraph\">Nuestro objetivo, es ser lo m\u00e1s transparentes posible con nuestros usuarios y clientes, sobre los datos personales que recopilamos. Su privacidad es importante para nosotros.<\/p>\n\n\n\n<p class=\"wp-block-paragraph\">Mediante la lectura de la presente Pol\u00edtica de Privacidad, el usuario queda informado sobre la forma en que VIATGES VI\u00d1OLAS SA recaba, trata y protege los datos de car\u00e1cter personal que le son facilitados a trav\u00e9s de los sitios web:\u00a0<a href=\"https:\/\/viatgesvinolas.com\/en\/\">https:\/\/www.viatgesvinolas.com<\/a> &#8211;\u00a0<a href=\"http:\/\/www.gransviatges.cat\/\">https:\/\/www.viajesacanada.es<\/a>\u00a0(en adelante, el sitio web) y aquellos otros datos que pueda facilitar en un futuro a VIATGES VI\u00d1OLAS SA por otros medios. El Usuario debe leer con atenci\u00f3n esta Pol\u00edtica de Privacidad, que ha sido redactada de forma clara y sencilla, para facilitar su comprensi\u00f3n, y determinar libre y voluntariamente si desea facilitar sus datos personales a VIATGES VI\u00d1OLAS SA.<\/p>\n\n\n\n<p class=\"wp-block-paragraph\">Al rellenar cualquier formulario y hacer clic en la casilla &#8220;Acepto&nbsp;pol\u00edtica privacidad\/condiciones&#8221;, el USUARIO manifiesta haber le\u00eddo y aceptado expresamente la presente pol\u00edtica de privacidad y&nbsp;en su caso,&nbsp;otorga su consentimiento inequ\u00edvoco y expreso al tratamiento de sus datos personales, conforme a las finalidades informadas y servicios que presta VIATGES VI\u00d1OLAS SA<\/p>\n\n\n\n<p class=\"wp-block-paragraph\"><strong>\u00bfQui\u00e9n es el responsable del tratamiento de sus datos?<\/strong><\/p>\n\n\n\n<p class=\"wp-block-paragraph\">\u2022Identidad: VIATGES VI\u00d1OLAS SA -NIF: A17080854<\/p>\n\n\n\n<p class=\"wp-block-paragraph\">\u2022Direcci\u00f3n postal: PL. CATALUNYA,2, 17480 ROSES (GIRONA)<\/p>\n\n\n\n<p class=\"wp-block-paragraph\">\u2022Tel\u00e9fono: 972256617<\/p>\n\n\n\n<p class=\"wp-block-paragraph\">\u2022Correo electr\u00f3nico: administracio@vinolas.com<\/p>\n\n\n\n<p class=\"wp-block-paragraph\">&#8211; Tratamiento de DATOS recabados mediante la WEB<\/p>\n\n\n\n<p class=\"wp-block-paragraph\"><strong>\u00bfCon qu\u00e9 finalidad tratamos sus datos personales?<\/strong><\/p>\n\n\n\n<p class=\"wp-block-paragraph\">En VIATGES VI\u00d1OLAS SA tratamos la informaci\u00f3n que nos facilitan las personas interesadas con el fin de atender su solicitud y enviarle comunicaciones comerciales, as\u00ed como nuestros boletines.<\/p>\n\n\n\n<p class=\"wp-block-paragraph\">No se van a tomar decisiones automatizadas en base de datos proporcionados.<\/p>\n\n\n\n<p class=\"wp-block-paragraph\"><strong>\u00bfPor cu\u00e1nto tiempo conservaremos sus datos?<\/strong><\/p>\n\n\n\n<p class=\"wp-block-paragraph\">Los datos se conservar\u00e1n mientras el interesado no solicite su supresi\u00f3n.<\/p>\n\n\n\n<p class=\"wp-block-paragraph\"><strong>\u00bfCu\u00e1l es la legitimaci\u00f3n para el tratamiento de sus datos?<\/strong><\/p>\n\n\n\n<p class=\"wp-block-paragraph\">Le indicamos la base legal para el tratamiento de sus datos:<\/p>\n\n\n\n<p class=\"wp-block-paragraph\">\u2022 Consentimiento del interesado: Atender su solicitud y enviarle comunicaciones comerciales, as\u00ed como nuestros boletines.<\/p>\n\n\n\n<p class=\"wp-block-paragraph\"><strong>\u00bfA qu\u00e9 destinatarios se comunicar\u00e1n sus datos?<\/strong><\/p>\n\n\n\n<p class=\"wp-block-paragraph\">No se ceder\u00e1n datos a terceros, salvo obligaci\u00f3n legal.<\/p>\n\n\n\n<p class=\"wp-block-paragraph\"><strong>\u00bfTransferencias de datos a terceros pa\u00edses?<\/strong><\/p>\n\n\n\n<p class=\"wp-block-paragraph\">No est\u00e1n previstas transferencias de datos a terceros pa\u00edses.<\/p>\n\n\n\n<p class=\"wp-block-paragraph\"><strong>\u00bfC\u00f3mo hemos obtenido sus datos?<\/strong><\/p>\n\n\n\n<p class=\"wp-block-paragraph\">Los datos personales que tratamos en VIATGES VI\u00d1OLAS SA proceden del propio interesado.<\/p>\n\n\n\n<p class=\"wp-block-paragraph\">No se tratan categor\u00edas especiales de datos personales (son aquellos datos que revelen el origen \u00e9tnico o racial, las opiniones pol\u00edticas, las convicciones religiosas o filos\u00f3ficas, o la afiliaci\u00f3n sindical, datos gen\u00e9ticos, datos biom\u00e9tricos dirigidos a identificar de manera un\u00edvoca a una persona f\u00edsica, datos relativos a la salud o datos relativos a la vida sexual o la orientaci\u00f3n sexual de una persona f\u00edsica).<\/p>\n\n\n\n<p class=\"wp-block-paragraph\">&#8211; Tratamiento de DATOS para SELECCI\u00d3N del PERSONAL<\/p>\n\n\n\n<p class=\"wp-block-paragraph\"><strong>\u00bfCon qu\u00e9 finalidad tratamos sus datos personales?<\/strong><\/p>\n\n\n\n<p class=\"wp-block-paragraph\">En VIATGES VI\u00d1OLAS SA tratamos la informaci\u00f3n que nos facilitan las personas interesadas con el fin de realizar los procesos de selecci\u00f3n de personal.No se van a tomar decisiones automatizadas en base de datos proporcionados.<\/p>\n\n\n\n<p class=\"wp-block-paragraph\"><strong>\u00bfPor cu\u00e1nto tiempo conservaremos sus datos?<\/strong><\/p>\n\n\n\n<p class=\"wp-block-paragraph\">Se conservar\u00e1n durante dos a\u00f1os, a excepci\u00f3n de que el interesado retire su consentimiento antes del plazo m\u00e1ximo de conservaci\u00f3n.<\/p>\n\n\n\n<p class=\"wp-block-paragraph\"><strong>\u00bfCu\u00e1l es la legitimaci\u00f3n para el tratamiento de sus datos?<\/strong><\/p>\n\n\n\n<p class=\"wp-block-paragraph\">Le indicamos la base legal para el tratamiento de sus datos:<\/p>\n\n\n\n<p class=\"wp-block-paragraph\">\u2022 Consentimiento del interesado: Participar en los procesos de selecci\u00f3n de personal.<\/p>\n\n\n\n<p class=\"wp-block-paragraph\"><strong>\u00bfA qu\u00e9 destinatarios se comunicar\u00e1n sus datos?<\/strong><\/p>\n\n\n\n<p class=\"wp-block-paragraph\">No se ceder\u00e1n datos a terceros, salvo obligaci\u00f3n legal.<\/p>\n\n\n\n<p class=\"wp-block-paragraph\"><strong>\u00bfTransferencias de datos a terceros pa\u00edses?<\/strong><\/p>\n\n\n\n<p class=\"wp-block-paragraph\">No est\u00e1n previstas transferencias de datos a terceros pa\u00edses.<\/p>\n\n\n\n<p class=\"wp-block-paragraph\"><strong>\u00bfC\u00f3mo hemos obtenido sus datos?<\/strong><\/p>\n\n\n\n<p class=\"wp-block-paragraph\">Los datos personales que tratamos en VIATGES VI\u00d1OLAS SAproceden del propio interesado. Las categor\u00edas de datos que se tratan son:<\/p>\n\n\n\n<p class=\"wp-block-paragraph\">\u2022 Datos identificativos<\/p>\n\n\n\n<p class=\"wp-block-paragraph\">\u2022 Direcciones postales y electr\u00f3nicas<\/p>\n\n\n\n<p class=\"wp-block-paragraph\">No se tratan categor\u00edas especiales de datos personales (son aquellos datos que revelen el origen \u00e9tnico o racial, las opiniones pol\u00edticas, las convicciones religiosas o filos\u00f3ficas, o la afiliaci\u00f3n sindical, datos gen\u00e9ticos, datos biom\u00e9tricos dirigidos a identificar de manera un\u00edvoca a una persona f\u00edsica, datos relativos a la salud o datos relativos a la vida sexual o la orientaci\u00f3n sexual de una persona f\u00edsica).<\/p>\n\n\n\n<p class=\"wp-block-paragraph\">&#8211; Tratamiento de DATOS de CLIENTES<\/p>\n\n\n\n<p class=\"wp-block-paragraph\"><strong>\u00bfCon qu\u00e9 finalidad tratamos sus datos personales?<\/strong><\/p>\n\n\n\n<p class=\"wp-block-paragraph\">En VIATGES VI\u00d1OLAS SA tratamos la informaci\u00f3n que nos facilitan las personas interesadas con el fin de&nbsp;prestar los servicios ofrecidos, realizar la gesti\u00f3n administrativa, contable y fiscal de los servicios solicitados, as\u00ed como enviar comunicaciones comerciales sobre nuestros productos y servicios.<\/p>\n\n\n\n<p class=\"wp-block-paragraph\">No se van a tomar decisiones automatizadas en base de datos proporcionados.<\/p>\n\n\n\n<p class=\"wp-block-paragraph\"><strong>\u00bfPor cu\u00e1nto tiempo conservaremos sus datos?<\/strong><\/p>\n\n\n\n<p class=\"wp-block-paragraph\">Los datos se conservar\u00e1n mientras el interesado no solicite su supresi\u00f3n, y en su caso, durante los a\u00f1os necesarios para cumplir con las obligaciones legales.<\/p>\n\n\n\n<p class=\"wp-block-paragraph\"><strong>\u00bfCu\u00e1l es la legitimaci\u00f3n para el tratamiento de sus datos?<\/strong><\/p>\n\n\n\n<p class=\"wp-block-paragraph\">Le indicamos la base legal para el tratamiento de sus datos:<\/p>\n\n\n\n<p class=\"wp-block-paragraph\">\u2022 Ejecuci\u00f3n de un contrato:&nbsp;Prestar los servicios ofrecidos, realizar la gesti\u00f3n administrativa, contable y fiscal de los servicios solicitados.<\/p>\n\n\n\n<p class=\"wp-block-paragraph\">\u2022 Inter\u00e9s leg\u00edtimo del Responsable: Enviar comunicaciones comerciales sobre nuestros productos y servicios<\/p>\n\n\n\n<p class=\"wp-block-paragraph\"><strong>\u00bfA qu\u00e9 destinatarios se comunicar\u00e1n sus datos?<\/strong><\/p>\n\n\n\n<p class=\"wp-block-paragraph\">Los datos se comunicar\u00e1n a los siguientes destinatarios:<\/p>\n\n\n\n<p class=\"wp-block-paragraph\">\u2022 Agencia Tributaria, con la finalidad de cumplir con las obligaciones legales.<\/p>\n\n\n\n<p class=\"wp-block-paragraph\">\u2022 Entidades financieras, con la finalidad de girar los recibos correspondientes.<\/p>\n\n\n\n<p class=\"wp-block-paragraph\"><strong>Transferencias de datos a terceros pa\u00edses<\/strong><\/p>\n\n\n\n<p class=\"wp-block-paragraph\">No est\u00e1n previstas transferencias de datos a terceros pa\u00edses.<\/p>\n\n\n\n<p class=\"wp-block-paragraph\"><strong>\u00bfC\u00f3mo hemos obtenido sus datos?<\/strong><\/p>\n\n\n\n<p class=\"wp-block-paragraph\">Los datos personales que tratamos en VIATGES VI\u00d1OLAS SA proceden de: El propio interesado.<br>Las categor\u00edas de datos que se tratan son:<\/p>\n\n\n\n<p class=\"wp-block-paragraph\">\u2022 Datos identificativos.<\/p>\n\n\n\n<p class=\"wp-block-paragraph\">\u2022 Direcciones postales y electr\u00f3nicas.<\/p>\n\n\n\n<p class=\"wp-block-paragraph\">\u2022 Informaci\u00f3n comercial.<\/p>\n\n\n\n<p class=\"wp-block-paragraph\">&#8211; Tratamiento de DATOS de&nbsp;POTENCIAL&nbsp;CLIENTE&nbsp;\/ INTERESADO<\/p>\n\n\n\n<p class=\"wp-block-paragraph\"><strong>\u00bfCon qu\u00e9 finalidad tratamos sus datos personales?<\/strong><\/p>\n\n\n\n<p class=\"wp-block-paragraph\">En VIATGES VI\u00d1OLAS SA tratamos la informaci\u00f3n que nos facilitan las personas interesadas con el fin de facilitar la informaci\u00f3n\/presupuesto solicitado por el potencial cliente\/interesado.<\/p>\n\n\n\n<p class=\"wp-block-paragraph\">No se van a tomar decisiones automatizadas en base a los datos proporcionados.<\/p>\n\n\n\n<p class=\"wp-block-paragraph\"><strong>\u00bfPor cu\u00e1nto tiempo conservaremos sus datos?<\/strong><\/p>\n\n\n\n<p class=\"wp-block-paragraph\">Los datos se conservar\u00e1n mientras el interesado no solicite su supresi\u00f3n, y en su caso, durante los a\u00f1os necesarios para cumplir con las obligaciones legales.<\/p>\n\n\n\n<p class=\"wp-block-paragraph\"><strong>\u00bfCu\u00e1l es la legitimaci\u00f3n para el tratamiento de sus datos?<\/strong><\/p>\n\n\n\n<p class=\"wp-block-paragraph\">Le indicamos la base legal para el tratamiento de sus datos:<\/p>\n\n\n\n<p class=\"wp-block-paragraph\">\u2022 Ejecuci\u00f3n de un contrato (prestaci\u00f3n del servicio\/facilitar la informaci\u00f3n solicitada)<\/p>\n\n\n\n<p class=\"wp-block-paragraph\"><strong>\u00bfA qu\u00e9 destinatarios se comunicar\u00e1n sus datos?<\/strong><\/p>\n\n\n\n<p class=\"wp-block-paragraph\">No est\u00e1n previstas comunicaci\u00f3n de datos<\/p>\n\n\n\n<p class=\"wp-block-paragraph\"><strong>\u00bfTransferencias de datos a terceros pa\u00edses?<\/strong><\/p>\n\n\n\n<p class=\"wp-block-paragraph\">No est\u00e1n previstas transferencias de datos a terceros pa\u00edses.<\/p>\n\n\n\n<p class=\"wp-block-paragraph\"><strong>\u00bfC\u00f3mo hemos obtenido sus datos?<\/strong><\/p>\n\n\n\n<p class=\"wp-block-paragraph\">Los datos personales que tratamos en VIATGES VI\u00d1OLAS SA proceden del propio interesado.<\/p>\n\n\n\n<p class=\"wp-block-paragraph\">Las categor\u00edas de datos que se tratan son:<\/p>\n\n\n\n<p class=\"wp-block-paragraph\">\u2022 Datos identificativos<\/p>\n\n\n\n<p class=\"wp-block-paragraph\">\u2022 Direcciones postales y electr\u00f3nicas<\/p>\n\n\n\n<p class=\"wp-block-paragraph\">\u2022 Informaci\u00f3n comercial<\/p>\n\n\n\n<p class=\"wp-block-paragraph\">&#8211; Tratamiento de datos para-MARKETING-PUBLICIDAD<\/p>\n\n\n\n<p class=\"wp-block-paragraph\"><strong>\u00bfCon qu\u00e9 finalidad tratamos sus datos personales?<\/strong><strong>&nbsp;<\/strong>En VIATGES VI\u00d1OLAS SA tratamos la informaci\u00f3n que nos facilitan las personas interesadas con el fin de gestionar el env\u00edo de comunicaciones comerciales sobre nuestros productos y\/o servicios mediante medios electr\u00f3nicos (e-mail, WhatsApp, SMS&#8230;). No se van a tomar decisiones automatizadas en base de datos proporcionados.<\/p>\n\n\n\n<p class=\"wp-block-paragraph\"><strong>\u00bfPor cu\u00e1nto tiempo conservaremos sus datos?<\/strong><\/p>\n\n\n\n<p class=\"wp-block-paragraph\">Los datos se conservar\u00e1n desde que el usuario presta su consentimiento hasta que retira dicho consentimiento.<\/p>\n\n\n\n<p class=\"wp-block-paragraph\"><strong>\u00bfCu\u00e1l es la legitimaci\u00f3n para el tratamiento de sus datos?<\/strong><\/p>\n\n\n\n<p class=\"wp-block-paragraph\">Le indicamos la base legal para el tratamiento de sus datos:<\/p>\n\n\n\n<p class=\"wp-block-paragraph\">\u2022 Consentimiento del interesado: Env\u00edo de comunicaciones comerciales.<\/p>\n\n\n\n<p class=\"wp-block-paragraph\"><strong>\u00bfA qu\u00e9 destinatarios se comunicar\u00e1n sus datos?<\/strong><\/p>\n\n\n\n<p class=\"wp-block-paragraph\">Los datos se comunicar\u00e1n a los siguientes destinatarios:<\/p>\n\n\n\n<p class=\"wp-block-paragraph\">\u2022 Plataformas de envi\u00f3 de publicidad mediante medios electr\u00f3nicos, con la finalidad de realizar el envi\u00f3 con garant\u00edas y obtener datos estad\u00edsticos.<\/p>\n\n\n\n<p class=\"wp-block-paragraph\"><strong>\u00bfTransferencias de datos a terceros pa\u00edses?<\/strong><\/p>\n\n\n\n<p class=\"wp-block-paragraph\">No est\u00e1n previstas transferencias de datos a terceros pa\u00edses.<\/p>\n\n\n\n<p class=\"wp-block-paragraph\"><strong>\u00bfC\u00f3mo hemos obtenido sus datos?<\/strong>Los datos personales que tratamos en VIATGES VI\u00d1OLAS SA proceden del propio interesado.<\/p>\n\n\n\n<p class=\"wp-block-paragraph\">Las categor\u00edas de datos que se tratan son:<\/p>\n\n\n\n<p class=\"wp-block-paragraph\">\u2022 Direcciones postales y electr\u00f3nicas<\/p>\n\n\n\n<p class=\"wp-block-paragraph\">\u2022 Informaci\u00f3n comercial.<\/p>\n\n\n\n<p class=\"wp-block-paragraph\">No se tratan categor\u00edas especiales de datos personales (son aquellos datos que revelen el origen \u00e9tnico o racial, las opiniones pol\u00edticas, las convicciones religiosas o filos\u00f3ficas, o la afiliaci\u00f3n sindical, datos gen\u00e9ticos, datos biom\u00e9tricos dirigidos a identificar de manera un\u00edvoca a una persona f\u00edsica, datos relativos a la salud o datos relativos a la vida sexual o la orientaci\u00f3n sexual de una persona f\u00edsica).<\/p>\n\n\n\n<p class=\"wp-block-paragraph\"><strong>\u00bfCu\u00e1les son sus derechos cuando nos facilita sus datos?<\/strong><\/p>\n\n\n\n<p class=\"wp-block-paragraph\">Cualquier persona tiene derecho a obtener confirmaci\u00f3n sobre si en VIATGES VI\u00d1OLAS SA estamos tratando datos personales que les conciernan, o no.<\/p>\n\n\n\n<p class=\"wp-block-paragraph\">Las personas interesadas tienen derecho a acceder a sus datos personales, as\u00ed como a solicitar la rectificaci\u00f3n de los datos inexactos o, en su caso, solicitar su supresi\u00f3n cuando, entre otros motivos, los datos ya no sean necesarios para los fines que fueron recogidos.<\/p>\n\n\n\n<p class=\"wp-block-paragraph\">En determinadas circunstancias, los interesados podr\u00e1n solicitar la limitaci\u00f3n del tratamiento de sus datos, en cuyo caso \u00fanicamente los conservaremos para el ejercicio o la defensa de reclamaciones.<\/p>\n\n\n\n<p class=\"wp-block-paragraph\">En determinadas circunstancias y por motivos relacionados con su situaci\u00f3n particular, los interesados podr\u00e1n oponerse al tratamiento de sus datos. En este caso, VIATGES VI\u00d1OLAS SA dejar\u00e1 de tratar los datos, salvo por motivos leg\u00edtimos imperiosos, o el ejercicio o la defensa de posibles reclamaciones.<\/p>\n\n\n\n<p class=\"wp-block-paragraph\">Podr\u00e1 ejercitar materialmente sus derechos de la siguiente forma: Tiene derecho a acceder, rectificar y suprimir los datos, as\u00ed como otros derechos, indicados en la informaci\u00f3n adicional, que puede ejercer dirigi\u00e9ndose a la direcci\u00f3n del responsable del tratamiento.<\/p>\n\n\n\n<p class=\"wp-block-paragraph\">Si ha otorgado su consentimiento para alguna finalidad concreta, tiene derecho a retirar el consentimiento otorgado en cualquier momento, sin que ello afecte a la licitud del tratamiento basado en el consentimiento previo a su retirada.<\/p>\n\n\n\n<p class=\"wp-block-paragraph\">Tambi\u00e9n tendr\u00e1s derecho a solicitar el acceso a sus datos personales. Esto significa que tendr\u00e1s derecho a recibir los datos personales que nos hayas facilitado en un formato estructurado, de uso com\u00fan y legible por una m\u00e1quina, para poder transmitirlo a otra entidad directamente, siempre que t\u00e9cnicamente sea posible.<\/p>\n\n\n\n<p class=\"wp-block-paragraph\">En caso de que sienta vulnerados sus derechos en lo concerniente a la protecci\u00f3n de sus datos personales, especialmente cuando no haya obtenido satisfacci\u00f3n en el ejercicio de sus derechos, puede presentar una reclamaci\u00f3n ante la Autoridad de Control en materia de Protecci\u00f3n de Datos competente a trav\u00e9s de su sitio web:&nbsp;<a href=\"http:\/\/www.agpd.es\/\">www.agpd.es<\/a><\/p>","protected":false},"excerpt":{"rendered":"<p>Nuestro objetivo, es ser lo m\u00e1s transparentes posible con nuestros usuarios y clientes, sobre los datos personales que recopilamos. Su privacidad es importante para nosotros. Mediante la lectura de la presente Pol\u00edtica de Privacidad, el usuario queda informado sobre la forma en que VIATGES VI\u00d1OLAS SA recaba, trata y protege los datos de car\u00e1cter personal [&hellip;]<\/p>\n","protected":false},"author":192447013,"featured_media":0,"parent":0,"menu_order":0,"comment_status":"closed","ping_status":"closed","template":"","meta":{"_crdt_document":"","content-type":"","jetpack_post_was_ever_published":false,"footnotes":""},"class_list":["post-1822","page","type-page","status-publish","hentry"],"jetpack_likes_enabled":false,"jetpack_sharing_enabled":true,"jetpack_shortlink":"https:\/\/wp.me\/PcwC79-to","_links":{"self":[{"href":"https:\/\/viatgesvinolas.com\/en\/wp-json\/wp\/v2\/pages\/1822","targetHints":{"allow":["GET"]}}],"collection":[{"href":"https:\/\/viatgesvinolas.com\/en\/wp-json\/wp\/v2\/pages"}],"about":[{"href":"https:\/\/viatgesvinolas.com\/en\/wp-json\/wp\/v2\/types\/page"}],"author":[{"embeddable":true,"href":"https:\/\/viatgesvinolas.com\/en\/wp-json\/wp\/v2\/users\/192447013"}],"replies":[{"embeddable":true,"href":"https:\/\/viatgesvinolas.com\/en\/wp-json\/wp\/v2\/comments?post=1822"}],"version-history":[{"count":4,"href":"https:\/\/viatgesvinolas.com\/en\/wp-json\/wp\/v2\/pages\/1822\/revisions"}],"predecessor-version":[{"id":27931,"href":"https:\/\/viatgesvinolas.com\/en\/wp-json\/wp\/v2\/pages\/1822\/revisions\/27931"}],"wp:attachment":[{"href":"https:\/\/viatgesvinolas.com\/en\/wp-json\/wp\/v2\/media?parent=1822"}],"curies":[{"name":"wp","href":"https:\/\/api.w.org\/{rel}","templated":true}]}}